{"id":542,"date":"2025-12-08T14:49:37","date_gmt":"2025-12-08T13:49:37","guid":{"rendered":"https:\/\/sigr.sciencespo-lille.eu\/?page_id=542"},"modified":"2025-12-09T11:34:52","modified_gmt":"2025-12-09T10:34:52","slug":"apres-sigr","status":"publish","type":"page","link":"https:\/\/sigr.sciencespo-lille.eu\/index.php\/apres-sigr\/","title":{"rendered":"Apr\u00e8s SIGR"},"content":{"rendered":"\t\t<div data-elementor-type=\"wp-page\" data-elementor-id=\"542\" class=\"elementor elementor-542\">\n\t\t\t\t\t\t<section class=\"elementor-section elementor-top-section elementor-element elementor-element-21f1417b elementor-section-boxed elementor-section-height-default elementor-section-height-default\" data-id=\"21f1417b\" data-element_type=\"section\">\n\t\t\t\t\t\t<div class=\"elementor-container elementor-column-gap-default\">\n\t\t\t\t\t<div class=\"elementor-column elementor-col-100 elementor-top-column elementor-element elementor-element-663c5baf\" data-id=\"663c5baf\" data-element_type=\"column\">\n\t\t\t<div class=\"elementor-widget-wrap elementor-element-populated\">\n\t\t\t\t\t\t<div class=\"elementor-element elementor-element-555e97fd elementor-widget elementor-widget-text-editor\" data-id=\"555e97fd\" data-element_type=\"widget\" data-widget_type=\"text-editor.default\">\n\t\t\t\t<div class=\"elementor-widget-container\">\n\t\t\t\t\t\t\t\t\t\n<p><strong>D\u00e9couvrez les t\u00e9moignages d\u2019anciens \u00e9tudiants et leurs carri\u00e8res !<\/strong><\/p>\n\n\n\n<p><\/p>\n\t\t\t\t\t\t\t\t<\/div>\n\t\t\t\t<\/div>\n\t\t\t\t\t<\/div>\n\t\t<\/div>\n\t\t\t\t\t<\/div>\n\t\t<\/section>\n\t\t\t\t<section class=\"elementor-section elementor-top-section elementor-element elementor-element-ea0828c elementor-section-boxed elementor-section-height-default elementor-section-height-default\" data-id=\"ea0828c\" data-element_type=\"section\">\n\t\t\t\t\t\t<div class=\"elementor-container elementor-column-gap-default\">\n\t\t\t\t\t<div class=\"elementor-column elementor-col-100 elementor-top-column elementor-element elementor-element-444ea25\" data-id=\"444ea25\" data-element_type=\"column\">\n\t\t\t<div class=\"elementor-widget-wrap elementor-element-populated\">\n\t\t\t\t\t\t<div class=\"elementor-element elementor-element-7715177 elementor-widget elementor-widget-text-editor\" data-id=\"7715177\" data-element_type=\"widget\" data-widget_type=\"text-editor.default\">\n\t\t\t\t<div class=\"elementor-widget-container\">\n\t\t\t\t\t\t\t\t\t<h2><b>Rahma Turki, Security Project Analyst au sein d\u2019Alstom<\/b><\/h2>\n<p><strong>Pourriez-vous expliquer votre profession ?<\/strong><\/p>\n<p><span style=\"font-weight: 400;\">\u00ab\u00a0J\u2019occupe aujourd\u2019hui le poste de Security Project Analyst au sein d\u2019Alstom, au sein de la direction s\u00fbret\u00e9 du groupe. Notre mission consiste \u00e0 prot\u00e9ger les employ\u00e9s, les sites, les projets et les informations sensibles de l\u2019entreprise face aux menaces et actes malveillants, qu\u2019ils soient physiques ou immat\u00e9riels. Plus sp\u00e9cifiquement, je travaille sur deux aspects principaux : la protection de l\u2019information et la gestion de crise au niveau du groupe. Mon r\u00f4le comprend l\u2019analyse des menaces en mati\u00e8re de s\u00fbret\u00e9 \u00e9conomique, la r\u00e9daction et la mise \u00e0 jour de politiques internes, la cr\u00e9ation de supports de sensibilisation et de formation \u00e0 destination des salari\u00e9s, ainsi que la participation \u00e0 des projets transverses en repr\u00e9sentant la direction s\u00fbret\u00e9. De mani\u00e8re g\u00e9n\u00e9rale, il s\u2019agit d\u2019un poste tr\u00e8s transversal, \u00e0 la crois\u00e9e de l\u2019intelligence \u00e9conomique, la gestion de crise, la g\u00e9opolitique et la communication interne.\u00a0\u00bb<\/span><span style=\"font-weight: 400;\"><br><\/span><\/p>\n<p><strong>En quoi Sciences Po Lille et la majeure SIGR vous ont-ils aid\u00e9 ?<\/strong><\/p>\n<p><span style=\"font-weight: 400;\">\u00ab\u00a0La majeure SIGR a jou\u00e9 un r\u00f4le essentiel dans ma trajectoire professionnelle. Les enseignements du master m\u2019ont apport\u00e9 une base solide en s\u00e9curit\u00e9 internationale, en intelligence \u00e9conomique et en gestion de crise, compl\u00e9t\u00e9e par des comp\u00e9tences en veille strat\u00e9gique, en gestion des risques et en analyse. L\u2019approche pluridisciplinaire du master, qui m\u00eale relations internationales, intelligence \u00e9conomique et gestion des risques et des crises, permet \u00e9galement d\u2019appr\u00e9hender les enjeux de s\u00fbret\u00e9 sous diff\u00e9rents angles et de pouvoir dialoguer avec des interlocuteurs vari\u00e9s, ce qui s\u2019av\u00e8re particuli\u00e8rement pr\u00e9cieux dans mon activit\u00e9 professionnelle actuelle. Ensuite, la dimension professionnalisante de la formation, notamment gr\u00e2ce \u00e0 l\u2019intervention de praticiens et \u00e0 l\u2019ouverture sur le monde op\u00e9rationnel, m\u2019a pr\u00e9par\u00e9e de mani\u00e8re concr\u00e8te aux r\u00e9alit\u00e9s d&rsquo;un poste en s\u00fbret\u00e9. Enfin, mon stage de fin d\u2019\u00e9tudes au sein de la direction s\u00e9curit\u00e9\/s\u00fbret\u00e9 de Renault Group a confort\u00e9 mon int\u00e9r\u00eat pour ces th\u00e9matiques et m\u2019a permis d\u2019acqu\u00e9rir des comp\u00e9tences concr\u00e8tes qui me servent encore aujourd\u2019hui.\u00a0\u00bb<\/span><\/p>\n<p><\/p>\n<h2><b><br><\/b><\/h2><h2><b>Mathias Penguilly,&nbsp;<\/b><b>Data journaliste au magazine L&rsquo;Express<\/b><\/h2>\n<p><strong>Pourriez-vous expliquer votre profession ?<\/strong><\/p>\n<p>\u00ab\u00a0Dans un monde o\u00f9 l&rsquo;information est omnipr\u00e9sente et accessible \u00e0 tous, o\u00f9 les r\u00e9seaux sociaux nous inondent sans cesse de chiffres en tout genre, mon m\u00e9tier consiste \u00e0 collecter des donn\u00e9es et \u00e0 les rendre intelligibles pour les lecteurs de L&rsquo;Express. Chaque jour, mon r\u00f4le est de vulgariser des \u00e9l\u00e9ments d&rsquo;actualit\u00e9 complexes \u00e0 l&rsquo;aide de diff\u00e9rentes repr\u00e9sentations graphiques et visuelles, puis de les communiquer \u00e0 nos lecteurs potentiels sur les r\u00e9seaux du magazine.\u00a0\u00bb<b><br style=\"font-weight: 400;\"><\/b><\/p>\n<p><strong>En quoi Sciences Po Lille et la majeure SIGR vous ont-ils aid\u00e9 ?<\/strong><\/p>\n<p>\u00ab\u00a0Sciences Po Lille m&rsquo;a permis de m&rsquo;ouvrir \u00e0 une grande vari\u00e9t\u00e9 des sujets et de savoir basculer rapidement d&rsquo;un sujet \u00e0 l&rsquo;autre : un v\u00e9ritable atout pour un journaliste \u00ab\u00a0non-rubricard\u00a0\u00bb comme moi. La majeure SIGR m&rsquo;a permis de prendre conscience de l&rsquo;importance de l&rsquo;intelligence \u00e9conomique dans le secteur priv\u00e9 et de me familiariser avec des outils de recherche en sources ouvertes, tr\u00e8s utiles quand on fait de l&rsquo;enqu\u00eate.\u00a0\u00bb<\/p>\n<h2><strong><span style=\"font-weight: 400;\"><br><\/span><\/strong><\/h2><h2><strong>L\u00e9o P\u00e9ria-Peign\u00e9, chercheur sp\u00e9cialis\u00e9 sur l&rsquo;armement et l&rsquo;industrie de d\u00e9fense au sein du Centre des Etudes de S\u00e9curit\u00e9 de l&rsquo;Ifri<br style=\"font-weight: 400;\"><\/strong><\/h2>\n<p><strong>Pourriez-vous expliquer votre profession ?<\/strong><\/p>\n<p><span style=\"font-weight: 400;\">Je suis actuellement chercheur sp\u00e9cialis\u00e9 sur l&rsquo;armement et l&rsquo;industrie de d\u00e9fense au sein du Centre des Etudes de S\u00e9curit\u00e9 de l&rsquo;Ifri. Depuis janvier 2022, mon travail consiste pour l&rsquo;essentiel \u00e0 produire des \u00e9tudes longues sur des sujets demand\u00e9s par l&rsquo;industrie de d\u00e9fense et les forces arm\u00e9es. Elles peuvent concerner des pays ou des syst\u00e8mes en particulier afin d&rsquo;apporter un travail de synth\u00e8se mais aussi de prospective approfondi. En tant qu&rsquo;expert je travaille aussi \u00e9troitement avec les parlementaires, les minist\u00e8res et les m\u00e9dias sur des sujets qu&rsquo;ils estiment mal maitriser. Entre travail de fond (lecture), entretiens et d\u00e9placement sur le terrain, ce travail est passionnant et me permet de d\u00e9velopper mes comp\u00e9tences et expertises tout en me sentant vraiment utile.<\/span><span style=\"font-weight: 400;\"><br><\/span><\/p>\n<p><strong>En quoi Sciences Po Lille et la majeure SIGR vous ont-ils aid\u00e9 ?<\/strong><\/p>\n<p><span style=\"font-weight: 400;\">La Majeure SIGR m&rsquo;a permis de me confronter \u00e0 d&rsquo;autres perspectives professionnelles que celles que j&rsquo;envisageais initialement, notamment dans le secteur priv\u00e9 que j&rsquo;ai finalement rejoint d\u00e8s la fin de mes \u00e9tudes en cr\u00e9ant mon entreprise., moi qui comptais plut\u00f4t aller dans le priv\u00e9. La trinit\u00e9 relations internationales\/d\u00e9fense\/intelligence \u00e9conomique est un m\u00e9lange surprenant mais qui me permet aujourd&rsquo;hui de conjuguer des m\u00e9thodes et des points de vue rarement associ\u00e9s, avec une vraie plus value dans mes travaux.<\/span><\/p>\n<p><br style=\"font-weight: 400;\"><\/p>\n<p><\/p>\t\t\t\t\t\t\t\t<\/div>\n\t\t\t\t<\/div>\n\t\t\t\t\t<\/div>\n\t\t<\/div>\n\t\t\t\t\t<\/div>\n\t\t<\/section>\n\t\t\t\t<\/div>\n\t\t","protected":false},"excerpt":{"rendered":"<p>D\u00e9couvrez les t\u00e9moignages d\u2019anciens \u00e9tudiants et leurs carri\u00e8res ! Rahma Turki, Security Project Analyst au sein d\u2019Alstom Pourriez-vous expliquer votre profession ? \u00ab\u00a0J\u2019occupe aujourd\u2019hui le poste de Security Project Analyst au sein d\u2019Alstom, au sein de la direction s\u00fbret\u00e9 du groupe. Notre mission consiste \u00e0 prot\u00e9ger les employ\u00e9s, les sites, les projets et les informations [&hellip;]<\/p>\n","protected":false},"author":1,"featured_media":0,"parent":0,"menu_order":0,"comment_status":"closed","ping_status":"closed","template":"","meta":{"_seopress_robots_primary_cat":"","_seopress_titles_title":"","_seopress_titles_desc":"","_seopress_robots_index":"","ocean_post_layout":"","ocean_both_sidebars_style":"","ocean_both_sidebars_content_width":0,"ocean_both_sidebars_sidebars_width":0,"ocean_sidebar":"","ocean_second_sidebar":"","ocean_disable_margins":"enable","ocean_add_body_class":"","ocean_shortcode_before_top_bar":"","ocean_shortcode_after_top_bar":"","ocean_shortcode_before_header":"","ocean_shortcode_after_header":"","ocean_has_shortcode":"","ocean_shortcode_after_title":"","ocean_shortcode_before_footer_widgets":"","ocean_shortcode_after_footer_widgets":"","ocean_shortcode_before_footer_bottom":"","ocean_shortcode_after_footer_bottom":"","ocean_display_top_bar":"default","ocean_display_header":"default","ocean_header_style":"","ocean_center_header_left_menu":"","ocean_custom_header_template":"","ocean_custom_logo":0,"ocean_custom_retina_logo":0,"ocean_custom_logo_max_width":0,"ocean_custom_logo_tablet_max_width":0,"ocean_custom_logo_mobile_max_width":0,"ocean_custom_logo_max_height":0,"ocean_custom_logo_tablet_max_height":0,"ocean_custom_logo_mobile_max_height":0,"ocean_header_custom_menu":"","ocean_menu_typo_font_family":"","ocean_menu_typo_font_subset":"","ocean_menu_typo_font_size":0,"ocean_menu_typo_font_size_tablet":0,"ocean_menu_typo_font_size_mobile":0,"ocean_menu_typo_font_size_unit":"px","ocean_menu_typo_font_weight":"","ocean_menu_typo_font_weight_tablet":"","ocean_menu_typo_font_weight_mobile":"","ocean_menu_typo_transform":"","ocean_menu_typo_transform_tablet":"","ocean_menu_typo_transform_mobile":"","ocean_menu_typo_line_height":0,"ocean_menu_typo_line_height_tablet":0,"ocean_menu_typo_line_height_mobile":0,"ocean_menu_typo_line_height_unit":"","ocean_menu_typo_spacing":0,"ocean_menu_typo_spacing_tablet":0,"ocean_menu_typo_spacing_mobile":0,"ocean_menu_typo_spacing_unit":"","ocean_menu_link_color":"","ocean_menu_link_color_hover":"","ocean_menu_link_color_active":"","ocean_menu_link_background":"","ocean_menu_link_hover_background":"","ocean_menu_link_active_background":"","ocean_menu_social_links_bg":"","ocean_menu_social_hover_links_bg":"","ocean_menu_social_links_color":"","ocean_menu_social_hover_links_color":"","ocean_disable_title":"default","ocean_disable_heading":"default","ocean_post_title":"","ocean_post_subheading":"","ocean_post_title_style":"","ocean_post_title_background_color":"","ocean_post_title_background":0,"ocean_post_title_bg_image_position":"","ocean_post_title_bg_image_attachment":"","ocean_post_title_bg_image_repeat":"","ocean_post_title_bg_image_size":"","ocean_post_title_height":0,"ocean_post_title_bg_overlay":0.5,"ocean_post_title_bg_overlay_color":"","ocean_disable_breadcrumbs":"default","ocean_breadcrumbs_color":"","ocean_breadcrumbs_separator_color":"","ocean_breadcrumbs_links_color":"","ocean_breadcrumbs_links_hover_color":"","ocean_display_footer_widgets":"default","ocean_display_footer_bottom":"default","ocean_custom_footer_template":"","footnotes":""},"class_list":["post-542","page","type-page","status-publish","hentry","entry"],"_links":{"self":[{"href":"https:\/\/sigr.sciencespo-lille.eu\/index.php\/wp-json\/wp\/v2\/pages\/542","targetHints":{"allow":["GET"]}}],"collection":[{"href":"https:\/\/sigr.sciencespo-lille.eu\/index.php\/wp-json\/wp\/v2\/pages"}],"about":[{"href":"https:\/\/sigr.sciencespo-lille.eu\/index.php\/wp-json\/wp\/v2\/types\/page"}],"author":[{"embeddable":true,"href":"https:\/\/sigr.sciencespo-lille.eu\/index.php\/wp-json\/wp\/v2\/users\/1"}],"replies":[{"embeddable":true,"href":"https:\/\/sigr.sciencespo-lille.eu\/index.php\/wp-json\/wp\/v2\/comments?post=542"}],"version-history":[{"count":8,"href":"https:\/\/sigr.sciencespo-lille.eu\/index.php\/wp-json\/wp\/v2\/pages\/542\/revisions"}],"predecessor-version":[{"id":562,"href":"https:\/\/sigr.sciencespo-lille.eu\/index.php\/wp-json\/wp\/v2\/pages\/542\/revisions\/562"}],"wp:attachment":[{"href":"https:\/\/sigr.sciencespo-lille.eu\/index.php\/wp-json\/wp\/v2\/media?parent=542"}],"curies":[{"name":"wp","href":"https:\/\/api.w.org\/{rel}","templated":true}]}}