{"id":43,"date":"2020-11-14T19:06:55","date_gmt":"2020-11-14T18:06:55","guid":{"rendered":"http:\/\/sigr.sciencespo-lille.eu\/?page_id=43"},"modified":"2022-05-02T11:24:24","modified_gmt":"2022-05-02T09:24:24","slug":"temoignages-detudiants-et-detudiantes-de-la-majeure-sigr","status":"publish","type":"page","link":"https:\/\/sigr.sciencespo-lille.eu\/index.php\/temoignages-detudiants-et-detudiantes-de-la-majeure-sigr\/","title":{"rendered":"T\u00e9moignages d&rsquo;\u00e9tudiantes et d&rsquo;\u00e9tudiants de la majeure SIGR"},"content":{"rendered":"\n<div class=\"wp-block-image\"><figure class=\"aligncenter size-large is-resized\"><img decoding=\"async\" src=\"http:\/\/sigr.sciencespo-lille.eu\/wp-content\/uploads\/2020\/12\/Temoignages-SIGR.png\" alt=\"\" class=\"wp-image-275\" width=\"150\" height=\"150\" srcset=\"https:\/\/sigr.sciencespo-lille.eu\/wp-content\/uploads\/2020\/12\/Temoignages-SIGR.png 500w, https:\/\/sigr.sciencespo-lille.eu\/wp-content\/uploads\/2020\/12\/Temoignages-SIGR-300x300.png 300w, https:\/\/sigr.sciencespo-lille.eu\/wp-content\/uploads\/2020\/12\/Temoignages-SIGR-150x150.png 150w\" sizes=\"(max-width: 150px) 100vw, 150px\" \/><\/figure><\/div>\n\n\n\n<figure class=\"wp-block-embed is-type-rich is-provider-prise-en-charge-des-contenus-embarques wp-block-embed-prise-en-charge-des-contenus-embarques wp-embed-aspect-16-9 wp-has-aspect-ratio\"><div class=\"wp-block-embed__wrapper\">\n<p class=\"responsive-video-wrap clr\"><iframe title=\"Majeure Strat\u00e9gie, Intelligence et Gestion des Risques\" width=\"1200\" height=\"675\" src=\"https:\/\/www.youtube.com\/embed\/MzrHKIcqj8M?feature=oembed\" frameborder=\"0\" allow=\"accelerometer; autoplay; clipboard-write; encrypted-media; gyroscope; picture-in-picture\" allowfullscreen><\/iframe><\/p>\n<\/div><\/figure>\n\n\n\n<div style=\"height:30px\" aria-hidden=\"true\" class=\"wp-block-spacer\"><\/div>\n\n\n\n<hr class=\"wp-block-separator has-text-color has-background is-style-wide\" style=\"background-color:#e6e6e6;color:#e6e6e6\"\/>\n\n\n\n<p style=\"font-size:18px\"><strong>Noa Vieilly<\/strong>, \u00e9tudiante en fili\u00e8re g\u00e9n\u00e9rale, promotion 2021 (Nina Simone)<\/p>\n\n\n\n<blockquote class=\"wp-block-quote is-layout-flow wp-block-quote-is-layout-flow\"><p>\u00ab\u00a0Apr\u00e8s une ann\u00e9e de mobilit\u00e9 en Isra\u00ebl ax\u00e9e sur les conflits au Proche et Moyen-Orient, j\u2019ai d\u00e9cid\u00e9 de me sp\u00e9cialiser sur les probl\u00e9matiques de <strong>d\u00e9fense et de s\u00e9curit\u00e9 internationale<\/strong>. J\u2019ai donc naturellement rejoint la majeure SIGR.\u00a0\u00bb<\/p><\/blockquote>\n\n\n\n<blockquote class=\"wp-block-quote is-layout-flow wp-block-quote-is-layout-flow\"><p>\u00ab\u00a0La majeure SIGR a deux atouts principaux selon moi. Premi\u00e8rement, elle propose des <strong>enseignements tr\u00e8s professionnalisants<\/strong> gr\u00e2ce \u00e0 la qualit\u00e9 des intervenants ext\u00e9rieurs. Ensuite, la majeure SIGR se distingue par la <strong>diversit\u00e9 de ses d\u00e9bouch\u00e9s professionnels<\/strong>, dans le secteur public (minist\u00e8res, agences de renseignement, collectivit\u00e9s territoriales\u2026) comme priv\u00e9 (entreprises du conseil et analyse des risques, cabinets d\u2019intelligence \u00e9conomique\u2026).\u00a0\u00bb<\/p><\/blockquote>\n\n\n\n<blockquote class=\"wp-block-quote is-layout-flow wp-block-quote-is-layout-flow\"><p>\u00ab\u00a0La majeure SIGR m\u2019a tout d\u2019abord permis d\u2019approfondir mes connaissances th\u00e9oriques des <strong>probl\u00e9matiques de d\u00e9fense et des grands enjeux de s\u00e9curit\u00e9 internationale et europ\u00e9enne<\/strong>. La majeure SIGR m\u2019a ensuite apport\u00e9 des comp\u00e9tences concr\u00e8tes (r\u00e9alisation de cartographies, capacit\u00e9 \u00e0 produire des briefings et des notes de synth\u00e8se en temps limit\u00e9, acquisition de techniques de recherche en open source).\u00a0\u00bb<\/p><\/blockquote>\n\n\n\n<hr class=\"wp-block-separator has-text-color has-background is-style-wide\" style=\"background-color:#e6e6e6;color:#e6e6e6\"\/>\n\n\n\n<div style=\"height:30px\" aria-hidden=\"true\" class=\"wp-block-spacer\"><\/div>\n\n\n\n<p style=\"font-size:18px\"><strong>Cl\u00e9ment Lopin<\/strong>, \u00e9tudiant en fili\u00e8re g\u00e9n\u00e9rale, promotion 2021 (Nina Simone)<\/p>\n\n\n\n<blockquote class=\"wp-block-quote is-layout-flow wp-block-quote-is-layout-flow\"><p>\u00ab\u00a0Apr\u00e8s un cycle g\u00e9n\u00e9ral et une ann\u00e9e d&rsquo;\u00e9change en Cor\u00e9e du Sud, le choix du master s&rsquo;est r\u00e9fl\u00e9chi par une envie d&rsquo;\u00e9tudier les <strong>relations internationales, les questions de d\u00e9fense<\/strong> et d&rsquo;acqu\u00e9rir des comp\u00e9tences pratiques. C&rsquo;est donc logiquement que la majeure SIGR m&rsquo;a int\u00e9ress\u00e9 en premier lieu. Il s&rsquo;agissait d&rsquo;approfondir des int\u00e9r\u00eats en <strong>g\u00e9opolitique <\/strong>mais \u00e9galement de d\u00e9couvrir des th\u00e9matiques m\u00e9connues comme <strong>l&rsquo;intelligence \u00e9conomique et la cybers\u00e9curit\u00e9<\/strong>, pourtant centrales dans les r\u00e9flexions contemporaines.\u00a0\u00bb<\/p><\/blockquote>\n\n\n\n<blockquote class=\"wp-block-quote is-layout-flow wp-block-quote-is-layout-flow\"><p>\u00ab\u00a0Fondamentalement ax\u00e9e sur les enjeux internationaux, cette majeure offre une r\u00e9elle opportunit\u00e9 d&rsquo;approfondir des th\u00e9matiques comme celles de la d\u00e9fense, de l&rsquo;intelligence \u00e9conomique ou encore de la gestion de risque. La majeure SIGR pr\u00e9sente des <strong>cours concrets sur des sujets d&rsquo;actualit\u00e9<\/strong>, anim\u00e9s souvent par des professionnels du monde diplomatique, militaire et autres consultants. Cette formation pratique permet d&rsquo;ouvrir sur des questions strat\u00e9giques d&rsquo;avenir et de multiples d\u00e9bouch\u00e9s professionnels.\u00a0\u00bb<\/p><\/blockquote>\n\n\n\n<blockquote class=\"wp-block-quote is-layout-flow wp-block-quote-is-layout-flow\"><p>\u00ab\u00a0Au-del\u00e0 d&rsquo;un aspect purement acad\u00e9mique d&rsquo;acquisition de connaissances th\u00e9oriques, mais primordiales, sur les sujets de g\u00e9opolitiques d&rsquo;actualit\u00e9, la majeure SIGR permet notamment de d\u00e9velopper des comp\u00e9tences pratiques. Cela peut se traduire par <strong>l&rsquo;utilisation de logiciels de cartographie, de veille<\/strong>, ou l&rsquo;acquisition d&rsquo;une certaine <strong>m\u00e9thode de recherche<\/strong>. Enfin, la majeure SIGR permet d&rsquo;appr\u00e9hender un <strong>savoir-\u00eatre<\/strong> selon les diff\u00e9rents milieux diplomatiques, militaires, ou du conseil.\u00a0\u00bb<\/p><\/blockquote>\n\n\n\n<hr class=\"wp-block-separator has-text-color has-background is-style-wide\" style=\"background-color:#e6e6e6;color:#e6e6e6\"\/>\n\n\n\n<div style=\"height:30px\" aria-hidden=\"true\" class=\"wp-block-spacer\"><\/div>\n\n\n\n<p style=\"font-size:18px\"><strong>Louise Manon<\/strong>, \u00e9tudiante en entr\u00e9e directe (ED), promotion 2022 (Alan Turing)<\/p>\n\n\n\n<blockquote class=\"wp-block-quote is-layout-flow wp-block-quote-is-layout-flow\"><p>\u00ab\u00a0En tant qu\u2019entrante directe en 4A, je me suis sentie tr\u00e8s rapidement int\u00e9gr\u00e9e dans le master SIGR. La majeure est port\u00e9e par deux professeurs (Sami Makki et Eric Sangar) qui sont tr\u00e8s \u00e0 l&rsquo;\u00e9coute des \u00e9tudiantes, des \u00e9tudiants, et de leurs demandes\/attentes. Apr\u00e8s une formation g\u00e9n\u00e9raliste en science politique \u00e0 l&rsquo;Universit\u00e9 Paris 2 Panth\u00e9on-Assas, j&rsquo;ai particuli\u00e8rement appr\u00e9ci\u00e9 la sp\u00e9cialisation de la majeure sur des th\u00e9matiques dans lesquelles je cherche \u00e0 me professionnaliser (relations internationales, d\u00e9fense, s\u00e9curit\u00e9).\u201d<\/p><\/blockquote>\n\n\n\n<blockquote class=\"wp-block-quote is-layout-flow wp-block-quote-is-layout-flow\"><p>\u201cLa majeure s&rsquo;articule autour de bases th\u00e9oriques et pratiques transmises par les professeurs, (universitaires et professionnels) et de travaux personnels que l&rsquo;\u00e9tudiante ou l&rsquo;\u00e9tudiant oriente vers le sujet qu&rsquo;il pr\u00e9f\u00e8re. Ainsi, les \u00e9tudiantes et les \u00e9tudiants sont r\u00e9ellement au c\u0153ur de leur apprentissage et pr\u00e9parent leur futur professionnel d\u00e8s la 4A. De plus, l&rsquo;importance des pr\u00e9sentations orales et des expos\u00e9s nous entra\u00eene \u00e0 la vie professionnelle au mieux. \u00bb<\/p><\/blockquote>\n\n\n\n<hr class=\"wp-block-separator has-text-color has-background is-style-wide\" style=\"background-color:#e6e6e6;color:#e6e6e6\"\/>\n\n\n\n<div style=\"height:30px\" aria-hidden=\"true\" class=\"wp-block-spacer\"><\/div>\n\n\n\n<p style=\"font-size:18px\"><strong>Edouard Burnot<\/strong>, \u00e9tudiant en fili\u00e8re int\u00e9gr\u00e9e franco-britannique (FIFB), promotion 2022 (Alan Turing)<\/p>\n\n\n\n<blockquote class=\"wp-block-quote is-layout-flow wp-block-quote-is-layout-flow\"><p>\u201c\u00c9tudiant en FIFB, apr\u00e8s avoir pass\u00e9 deux ann\u00e9es outre-manche et r\u00e9alis\u00e9 plusieurs stages \u00e0 l&rsquo;\u00e9chelon local, d\u00e9partemental puis national j&rsquo;ai rapidement \u00e9t\u00e9 amen\u00e9 \u00e0 discerner les rouages des administrations et \u00e0 travailler sur des th\u00e9matiques de s\u00e9curit\u00e9 int\u00e9rieure et de d\u00e9fense. Tandis que mon m\u00e9moire de Bachelor portait sur la mesure de l&rsquo;influence chinoise en Afrique, mon m\u00e9moire de 4\u00e8me ann\u00e9e porte sur la politique \u00e9trang\u00e8re turque en Asie centrale turcophone.\u00a0\u00bb<\/p><\/blockquote>\n\n\n\n<blockquote class=\"wp-block-quote is-layout-flow wp-block-quote-is-layout-flow\"><p>\u00ab\u00a0Passionn\u00e9 \u00e0 la fois par les th\u00e9matiques g\u00e9opolitiques et \u00e9conomiques tant du point de vue national qu&rsquo;international, et par les probl\u00e9matiques strat\u00e9giques d&rsquo;organisations publiques comme priv\u00e9es, la majeure SIGR m&rsquo;a sembl\u00e9 \u00eatre la plus adapt\u00e9e. Cette derni\u00e8re est en effet port\u00e9e sur la compr\u00e9hension des grands sujets strat\u00e9giques tant militaires qu&rsquo;\u00e9conomiques qui questionnent les Etats et les entreprises des secteurs critiques (d\u00e9fense, transport, \u00e9nergie, agro-alimentaire\u2026).\u00a0\u00bb<\/p><\/blockquote>\n\n\n\n<blockquote class=\"wp-block-quote is-layout-flow wp-block-quote-is-layout-flow\"><p>\u00ab\u00a0La majeure SIGR, c&rsquo;est la volont\u00e9 d&rsquo;allier le raisonnement strat\u00e9gique et les m\u00e9thodes d&rsquo;analyse propres au renseignement et au monde de la d\u00e9fense,  au management et \u00e0 la prise de d\u00e9cisions strat\u00e9giques dans l&rsquo;administration (minist\u00e8res, agences de renseignement, collectivit\u00e9s) et dans les entreprises (grands groupes, ETI et PME strat\u00e9giques, cabinets de conseil en gestion des risques, intelligence \u00e9conomique, communication de crise\u2026). Apr\u00e8s un an d&rsquo;enseignement, j&rsquo;appr\u00e9cie r\u00e9ellement le m\u00e9lange des genres de la majeure et son caract\u00e8re op\u00e9rationnel, qui offrent de nombreux d\u00e9bouch\u00e9s sans pour autant brider nos horizons d&rsquo;attente.\u00a0\u00bb<\/p><\/blockquote>\n\n\n\n<blockquote class=\"wp-block-quote is-layout-flow wp-block-quote-is-layout-flow\"><p>\u00ab\u00a0Par ces quelques lignes illustrant mon cheminement personnel j&rsquo;esp\u00e8re avoir \u00e9clairci vos questionnements et vous avoir convaincu de nous rejoindre !\u201d<\/p><\/blockquote>\n\n\n\n<hr class=\"wp-block-separator has-text-color has-background is-style-wide\" style=\"background-color:#e6e6e6;color:#e6e6e6\"\/>\n\n\n\n<div style=\"height:30px\" aria-hidden=\"true\" class=\"wp-block-spacer\"><\/div>\n","protected":false},"excerpt":{"rendered":"<p>Noa Vieilly, \u00e9tudiante en fili\u00e8re g\u00e9n\u00e9rale, promotion 2021 (Nina Simone) \u00ab\u00a0Apr\u00e8s une ann\u00e9e de mobilit\u00e9 en Isra\u00ebl ax\u00e9e sur les conflits au Proche et Moyen-Orient, j\u2019ai d\u00e9cid\u00e9 de me sp\u00e9cialiser sur les probl\u00e9matiques de d\u00e9fense et de s\u00e9curit\u00e9 internationale. J\u2019ai donc naturellement rejoint la majeure SIGR.\u00a0\u00bb \u00ab\u00a0La majeure SIGR a deux atouts principaux selon moi. [&hellip;]<\/p>\n","protected":false},"author":1,"featured_media":0,"parent":0,"menu_order":0,"comment_status":"closed","ping_status":"closed","template":"","meta":{"_seopress_robots_primary_cat":"","_seopress_titles_title":"","_seopress_titles_desc":"","_seopress_robots_index":"","ocean_post_layout":"","ocean_both_sidebars_style":"","ocean_both_sidebars_content_width":0,"ocean_both_sidebars_sidebars_width":0,"ocean_sidebar":"0","ocean_second_sidebar":"0","ocean_disable_margins":"enable","ocean_add_body_class":"","ocean_shortcode_before_top_bar":"","ocean_shortcode_after_top_bar":"","ocean_shortcode_before_header":"","ocean_shortcode_after_header":"","ocean_has_shortcode":"","ocean_shortcode_after_title":"","ocean_shortcode_before_footer_widgets":"","ocean_shortcode_after_footer_widgets":"","ocean_shortcode_before_footer_bottom":"","ocean_shortcode_after_footer_bottom":"","ocean_display_top_bar":"default","ocean_display_header":"default","ocean_header_style":"","ocean_center_header_left_menu":"0","ocean_custom_header_template":"0","ocean_custom_logo":0,"ocean_custom_retina_logo":0,"ocean_custom_logo_max_width":0,"ocean_custom_logo_tablet_max_width":0,"ocean_custom_logo_mobile_max_width":0,"ocean_custom_logo_max_height":0,"ocean_custom_logo_tablet_max_height":0,"ocean_custom_logo_mobile_max_height":0,"ocean_header_custom_menu":"0","ocean_menu_typo_font_family":"0","ocean_menu_typo_font_subset":"","ocean_menu_typo_font_size":0,"ocean_menu_typo_font_size_tablet":0,"ocean_menu_typo_font_size_mobile":0,"ocean_menu_typo_font_size_unit":"px","ocean_menu_typo_font_weight":"","ocean_menu_typo_font_weight_tablet":"","ocean_menu_typo_font_weight_mobile":"","ocean_menu_typo_transform":"","ocean_menu_typo_transform_tablet":"","ocean_menu_typo_transform_mobile":"","ocean_menu_typo_line_height":0,"ocean_menu_typo_line_height_tablet":0,"ocean_menu_typo_line_height_mobile":0,"ocean_menu_typo_line_height_unit":"","ocean_menu_typo_spacing":0,"ocean_menu_typo_spacing_tablet":0,"ocean_menu_typo_spacing_mobile":0,"ocean_menu_typo_spacing_unit":"","ocean_menu_link_color":"","ocean_menu_link_color_hover":"","ocean_menu_link_color_active":"","ocean_menu_link_background":"","ocean_menu_link_hover_background":"","ocean_menu_link_active_background":"","ocean_menu_social_links_bg":"","ocean_menu_social_hover_links_bg":"","ocean_menu_social_links_color":"","ocean_menu_social_hover_links_color":"","ocean_disable_title":"default","ocean_disable_heading":"default","ocean_post_title":"","ocean_post_subheading":"","ocean_post_title_style":"","ocean_post_title_background_color":"","ocean_post_title_background":0,"ocean_post_title_bg_image_position":"","ocean_post_title_bg_image_attachment":"","ocean_post_title_bg_image_repeat":"","ocean_post_title_bg_image_size":"","ocean_post_title_height":0,"ocean_post_title_bg_overlay":0.5,"ocean_post_title_bg_overlay_color":"","ocean_disable_breadcrumbs":"default","ocean_breadcrumbs_color":"","ocean_breadcrumbs_separator_color":"","ocean_breadcrumbs_links_color":"","ocean_breadcrumbs_links_hover_color":"","ocean_display_footer_widgets":"default","ocean_display_footer_bottom":"default","ocean_custom_footer_template":"0","footnotes":""},"class_list":["post-43","page","type-page","status-publish","hentry","entry"],"_links":{"self":[{"href":"https:\/\/sigr.sciencespo-lille.eu\/index.php\/wp-json\/wp\/v2\/pages\/43","targetHints":{"allow":["GET"]}}],"collection":[{"href":"https:\/\/sigr.sciencespo-lille.eu\/index.php\/wp-json\/wp\/v2\/pages"}],"about":[{"href":"https:\/\/sigr.sciencespo-lille.eu\/index.php\/wp-json\/wp\/v2\/types\/page"}],"author":[{"embeddable":true,"href":"https:\/\/sigr.sciencespo-lille.eu\/index.php\/wp-json\/wp\/v2\/users\/1"}],"replies":[{"embeddable":true,"href":"https:\/\/sigr.sciencespo-lille.eu\/index.php\/wp-json\/wp\/v2\/comments?post=43"}],"version-history":[{"count":24,"href":"https:\/\/sigr.sciencespo-lille.eu\/index.php\/wp-json\/wp\/v2\/pages\/43\/revisions"}],"predecessor-version":[{"id":480,"href":"https:\/\/sigr.sciencespo-lille.eu\/index.php\/wp-json\/wp\/v2\/pages\/43\/revisions\/480"}],"wp:attachment":[{"href":"https:\/\/sigr.sciencespo-lille.eu\/index.php\/wp-json\/wp\/v2\/media?parent=43"}],"curies":[{"name":"wp","href":"https:\/\/api.w.org\/{rel}","templated":true}]}}