{"id":29,"date":"2020-11-14T19:04:41","date_gmt":"2020-11-14T18:04:41","guid":{"rendered":"http:\/\/sigr.sciencespo-lille.eu\/?page_id=29"},"modified":"2022-10-27T16:45:08","modified_gmt":"2022-10-27T14:45:08","slug":"memoire-de-recherche-rapport-dexpertise-et-bachelorarbeit","status":"publish","type":"page","link":"https:\/\/sigr.sciencespo-lille.eu\/index.php\/memoire-de-recherche-rapport-dexpertise-et-bachelorarbeit\/","title":{"rendered":"M\u00e9moire de recherche, rapport d\u2019expertise et Bachelorarbeit (M1)"},"content":{"rendered":"\n<p>La 4<sup>\u00e8me<\/sup>&nbsp;ann\u00e9e de la majeure SIGR est notamment marqu\u00e9e par la r\u00e9daction d\u2019un m\u00e9moire de recherche, un rapport d\u2019expertise ou une <em>Bachelorarbeit <\/em>(pour les \u00e9tudiants et \u00e9tudiantes en FIFA).<\/p>\n\n\n\n<p>Voici une liste non exhaustive de m\u00e9moires de recherche et de rapports d\u2019expertise dont les th\u00e9matiques donnent \u00e0 voir la diversit\u00e9 des sujets pouvant \u00eatre abord\u00e9s au sein de la majeure SIGR.<\/p>\n\n\n\n<div style=\"height:30px\" aria-hidden=\"true\" class=\"wp-block-spacer\"><\/div>\n\n\n\n<h3 class=\"wp-block-heading\"><strong>M\u00e9moire<\/strong>s<strong> de recherche<\/strong><\/h3>\n\n\n\n<ul class=\"wp-block-list\"><li>CHAYA PODEUR Lucien, <em>Le Japon de Shinzo Abe<\/em> (2020).<\/li><li>CUYNET Joris, <em>Les Iraniens sous les sanctions \u00e9conomiques<\/em> (2020).<\/li><li>DEBREU Perrine, <em>The Franco-American cooperation in space. Diplomatic, political and legal considerations in the postcold war era<\/em> (2020).<\/li><li>FERREIRA Clara, <em>Les applications mobiles de sant\u00e9 en France. Les applications mobiles peuvent-elles devenir un acteur efficient de la sant\u00e9 ? <\/em>(2020).<\/li><li>FONTAINE Karla, <em>Les strat\u00e9gies d&rsquo;influence chinoises au Moyen-Orient au prisme du multilat\u00e9ralisme <\/em>(2020).<\/li><li>FRAMBOT Camille, <em>L&rsquo;homme dans l&rsquo;espace extra-atmosph\u00e9rique : faire \u00e9voluer le droit spatial pour garantir un d\u00e9veloppement durable des activit\u00e9s humaines <\/em>(2020).<\/li><li>FRIBOURG Manon, <em>Les sph\u00e8res d&rsquo;influence de l&rsquo;Iran et de l&rsquo;Arabie saoudite au Moyen-Orient de 1979 \u00e0 2016 <\/em>(2020).<\/li><li>GUEYRAUD Marion, <em>U.S. cyber strategy since the 9.11 terrorist attacks: challenges in national security integration <\/em>(2020). <\/li><li>HADDADI Melibea, <em>La relation contemporaine de la Cor\u00e9e du Sud avec le Japon : un paradoxe particulier entre interd\u00e9pendance et rivalit\u00e9 <\/em>(2020).<\/li><li>KAPPELI Pierre-Louis, <em>L&rsquo;\u00e9volution du secret de la d\u00e9fense nationale \u00e0 travers les affaires trait\u00e9es par les m\u00e9dias fran\u00e7ais de 1982 \u00e0 2020 <\/em>(2020).<\/li><li>KARRER Am\u00e9lie, <em>La strat\u00e9gie de cybers\u00e9curit\u00e9 de l&rsquo;Allemagne. Sp\u00e9cificit\u00e9s et d\u00e9terminants d&rsquo;une \u00e9volution offensive<\/em> (2020).<\/li><li>LHOMMET Amandine, <em>Dissemination of misleading information and social media<\/em> (2020).<\/li><li>LOPIN Cl\u00e9ment, <em>La nouvelle strat\u00e9gie spatiale de d\u00e9fense fran\u00e7aise au coeur des ambitions europ\u00e9ennes. Perspectives sur les enjeux militaires et industriels duaux<\/em> (2020).<\/li><li>MABILLOT Juliette, <em>De la surveillance en Am\u00e9rique. La NSA \u00e0 l&rsquo;\u00e9preuve du d\u00e9bat d\u00e9mocratique <\/em>(2020).<\/li><li>MAGNEN Oscar, <em>Donald Trump et l&rsquo;\u00e9nergie : un R\u00e9publicain comme les autres ? Une \u00e9tude des politiques \u00e9nerg\u00e9tiques et climatiques de 2016 \u00e0 2020 au travers du scepticisme climatique <\/em>(2020).<\/li><li>MESSY Marin, <em>Perspectives strat\u00e9giques pour la F\u00e9d\u00e9ration de Russie dans le cadre du renouvellement de la Vo\u00efenno-Morsko\u00ef Flot<\/em> (2020). <\/li><li>MICHELS Mathieu, <em>Le prisonnier dans la guerre. Le droit international de la captivit\u00e9 de guerre \u00e0 l&rsquo;\u00e9preuve des conflits contemporains<\/em> (2020).<\/li><li>PICARD Victor, <em>La France et le continent blanc. R\u00e9flexions sur la strat\u00e9gie fran\u00e7aise en Antarctique<\/em> (2020).<\/li><li>RHIN Alice, <em>L&rsquo;impunit\u00e9 et son impact sur la s\u00e9curit\u00e9 publique : une \u00e9tude de l&rsquo;investigation criminelle au Mexique<\/em> (2020).<\/li><li>RIZZUTO Nathan, <em>La politique \u00e9trang\u00e8re des Etats-Unis en Iran, 1978-1988. Une analyse de la prise de d\u00e9cision au c\u0153ur de l\u2019administration am\u00e9ricaine<\/em> (2020).<\/li><li>TEILLET Antoine, <em>Les processus et les m\u00e9thodes de d\u00e9cision de l&rsquo;action ext\u00e9rieure europ\u00e9enne. Une analyse entre domaine r\u00e9galien, int\u00e9gration et hybridit\u00e9 institutionnelle<\/em> (2020). <\/li><li>THIERS Louise, <em>Dieu et la Terre. Approche th\u00e9ologique et op\u00e9rationnelle du rapport des religions monoth\u00e9istes \u00e0 l&rsquo;\u00e9cologie<\/em> (2020).<\/li><li>VIEILLY Noa, <em>La Force int\u00e9rimaire des Nations unies au Liban (FINUL) dans le conflit entre Isra\u00ebl et le Hezbollah depuis 2006<\/em> (2020).<\/li><li>VIGNAUD Emilie, <em>Vari\u00e9t\u00e9s de mobilisation et nouveaux paradigmes de la dissuasion strat\u00e9gique : enjeux et perspectives autour de l&rsquo;arme nucl\u00e9aire en Asie <\/em>(2020).<\/li><\/ul>\n\n\n\n<div style=\"height:20px\" aria-hidden=\"true\" class=\"wp-block-spacer\"><\/div>\n\n\n\n<h3 class=\"wp-block-heading\"><strong>Rapports d&rsquo;expertise<\/strong><\/h3>\n\n\n\n<ul class=\"wp-block-list\"><li>BOURGEOIS M\u00e9lanie, <em>Int\u00e9grer les \u00e9nergies renouvelables dans le syst\u00e8me \u00e9lectrique europ\u00e9en : un d\u00e9fi strat\u00e9gique pour la s\u00e9curit\u00e9 de l&rsquo;Union europ\u00e9enne<\/em> (2020).<\/li><li>BUSSIERE DE NERCY Isaure, <em>Les strat\u00e9gies des ONG dans un contexte financier et m\u00e9diatique difficile. Analyse compar\u00e9e de deux ONG op\u00e9rant en Afghanistan, Madera et Acted<\/em> (2020).<\/li><li>DE CAZENOVE Maylis, <em>The repatriation of ISIS European fighters. How does the French government silence on the issue of repatriation reflect a need for a change of public policy in the fight against terrorism ? <\/em>(2020).<\/li><li>DESMADRYL Jean-Baptiste, <em>Quel avenir politique et s\u00e9curitaire en Afghanistan ?<\/em> (2020).<\/li><li>GUIGNON L\u00e9a, <em>L&rsquo;intervention militaire fran\u00e7aise au Sahel : enjeux et perspectives<\/em> (2020).<\/li><li>LEMESLE Amandine, <em>Europe de la d\u00e9fense, un empty signifier ? Repr\u00e9sentations et imaginaires fran\u00e7ais <\/em>(2020).<\/li><li>MARSAUX Laur\u00e8ne, <em>Conducting business in the Sahel. The role of kidnap and ransom in mitigating security risks<\/em> (2020).<\/li><\/ul>\n\n\n\n<div style=\"height:20px\" aria-hidden=\"true\" class=\"wp-block-spacer\"><\/div>\n\n\n\n<h3 class=\"wp-block-heading\"><strong><em>Bachelorarbeit<\/em><\/strong><\/h3>\n\n\n\n<ul class=\"wp-block-list\"><li>KIENE Judith, <em>Statebuilding von unten: Chancen und Grenzen eines Bottom-Up Entwicklungsansatzes am Fallbeispiel Somaliland <\/em>(2020).<\/li><\/ul>\n\n\n\n<div style=\"height:30px\" aria-hidden=\"true\" class=\"wp-block-spacer\"><\/div>\n\n\n\n<p>Vous pouvez \u00e9galement <a rel=\"noreferrer noopener\" href=\"http:\/\/www.sciencespo-lille.eu\/bibliotheque\/documents-bibiliotheque\" target=\"_blank\"><strong>consulter les archives<\/strong><\/a> des m\u00e9moires de recherche, rapports d&rsquo;expertise et <em>Bachelorarbeiten <\/em>des ann\u00e9es pr\u00e9c\u00e9dentes.<\/p>\n","protected":false},"excerpt":{"rendered":"<p>La 4\u00e8me&nbsp;ann\u00e9e de la majeure SIGR est notamment marqu\u00e9e par la r\u00e9daction d\u2019un m\u00e9moire de recherche, un rapport d\u2019expertise ou une Bachelorarbeit (pour les \u00e9tudiants et \u00e9tudiantes en FIFA). Voici une liste non exhaustive de m\u00e9moires de recherche et de rapports d\u2019expertise dont les th\u00e9matiques donnent \u00e0 voir la diversit\u00e9 des sujets pouvant \u00eatre abord\u00e9s [&hellip;]<\/p>\n","protected":false},"author":1,"featured_media":0,"parent":0,"menu_order":0,"comment_status":"closed","ping_status":"closed","template":"","meta":{"_seopress_robots_primary_cat":"","_seopress_titles_title":"","_seopress_titles_desc":"","_seopress_robots_index":"","ocean_post_layout":"","ocean_both_sidebars_style":"","ocean_both_sidebars_content_width":0,"ocean_both_sidebars_sidebars_width":0,"ocean_sidebar":"0","ocean_second_sidebar":"0","ocean_disable_margins":"enable","ocean_add_body_class":"","ocean_shortcode_before_top_bar":"","ocean_shortcode_after_top_bar":"","ocean_shortcode_before_header":"","ocean_shortcode_after_header":"","ocean_has_shortcode":"","ocean_shortcode_after_title":"","ocean_shortcode_before_footer_widgets":"","ocean_shortcode_after_footer_widgets":"","ocean_shortcode_before_footer_bottom":"","ocean_shortcode_after_footer_bottom":"","ocean_display_top_bar":"default","ocean_display_header":"default","ocean_header_style":"","ocean_center_header_left_menu":"0","ocean_custom_header_template":"0","ocean_custom_logo":0,"ocean_custom_retina_logo":0,"ocean_custom_logo_max_width":0,"ocean_custom_logo_tablet_max_width":0,"ocean_custom_logo_mobile_max_width":0,"ocean_custom_logo_max_height":0,"ocean_custom_logo_tablet_max_height":0,"ocean_custom_logo_mobile_max_height":0,"ocean_header_custom_menu":"0","ocean_menu_typo_font_family":"0","ocean_menu_typo_font_subset":"","ocean_menu_typo_font_size":0,"ocean_menu_typo_font_size_tablet":0,"ocean_menu_typo_font_size_mobile":0,"ocean_menu_typo_font_size_unit":"px","ocean_menu_typo_font_weight":"","ocean_menu_typo_font_weight_tablet":"","ocean_menu_typo_font_weight_mobile":"","ocean_menu_typo_transform":"","ocean_menu_typo_transform_tablet":"","ocean_menu_typo_transform_mobile":"","ocean_menu_typo_line_height":0,"ocean_menu_typo_line_height_tablet":0,"ocean_menu_typo_line_height_mobile":0,"ocean_menu_typo_line_height_unit":"","ocean_menu_typo_spacing":0,"ocean_menu_typo_spacing_tablet":0,"ocean_menu_typo_spacing_mobile":0,"ocean_menu_typo_spacing_unit":"","ocean_menu_link_color":"","ocean_menu_link_color_hover":"","ocean_menu_link_color_active":"","ocean_menu_link_background":"","ocean_menu_link_hover_background":"","ocean_menu_link_active_background":"","ocean_menu_social_links_bg":"","ocean_menu_social_hover_links_bg":"","ocean_menu_social_links_color":"","ocean_menu_social_hover_links_color":"","ocean_disable_title":"default","ocean_disable_heading":"default","ocean_post_title":"","ocean_post_subheading":"","ocean_post_title_style":"","ocean_post_title_background_color":"","ocean_post_title_background":0,"ocean_post_title_bg_image_position":"","ocean_post_title_bg_image_attachment":"","ocean_post_title_bg_image_repeat":"","ocean_post_title_bg_image_size":"","ocean_post_title_height":0,"ocean_post_title_bg_overlay":0.5,"ocean_post_title_bg_overlay_color":"","ocean_disable_breadcrumbs":"default","ocean_breadcrumbs_color":"","ocean_breadcrumbs_separator_color":"","ocean_breadcrumbs_links_color":"","ocean_breadcrumbs_links_hover_color":"","ocean_display_footer_widgets":"default","ocean_display_footer_bottom":"default","ocean_custom_footer_template":"0","footnotes":""},"class_list":["post-29","page","type-page","status-publish","hentry","entry"],"_links":{"self":[{"href":"https:\/\/sigr.sciencespo-lille.eu\/index.php\/wp-json\/wp\/v2\/pages\/29","targetHints":{"allow":["GET"]}}],"collection":[{"href":"https:\/\/sigr.sciencespo-lille.eu\/index.php\/wp-json\/wp\/v2\/pages"}],"about":[{"href":"https:\/\/sigr.sciencespo-lille.eu\/index.php\/wp-json\/wp\/v2\/types\/page"}],"author":[{"embeddable":true,"href":"https:\/\/sigr.sciencespo-lille.eu\/index.php\/wp-json\/wp\/v2\/users\/1"}],"replies":[{"embeddable":true,"href":"https:\/\/sigr.sciencespo-lille.eu\/index.php\/wp-json\/wp\/v2\/comments?post=29"}],"version-history":[{"count":18,"href":"https:\/\/sigr.sciencespo-lille.eu\/index.php\/wp-json\/wp\/v2\/pages\/29\/revisions"}],"predecessor-version":[{"id":490,"href":"https:\/\/sigr.sciencespo-lille.eu\/index.php\/wp-json\/wp\/v2\/pages\/29\/revisions\/490"}],"wp:attachment":[{"href":"https:\/\/sigr.sciencespo-lille.eu\/index.php\/wp-json\/wp\/v2\/media?parent=29"}],"curies":[{"name":"wp","href":"https:\/\/api.w.org\/{rel}","templated":true}]}}