{"id":17,"date":"2020-11-14T19:00:31","date_gmt":"2020-11-14T18:00:31","guid":{"rendered":"http:\/\/sigr.sciencespo-lille.eu\/?page_id=17"},"modified":"2023-12-17T12:54:00","modified_gmt":"2023-12-17T11:54:00","slug":"presentation","status":"publish","type":"page","link":"https:\/\/sigr.sciencespo-lille.eu\/","title":{"rendered":"Pr\u00e9sentation de la majeure Strat\u00e9gie, Intelligence \u00e9conomique et Gestion des Risques"},"content":{"rendered":"\n<p class=\"has-text-align-left\">Bienvenue sur le site de la&nbsp;<strong>majeure Strat\u00e9gie, Intelligence \u00e9conomique et Gestion des Risques (SIGR)<\/strong>&nbsp;de Sciences Po Lille.<\/p>\n\n\n\n<h2 class=\"wp-block-heading\" id=\"objectif-de-la-formation\">Objectif de la formation<\/h2>\n\n\n\n<p class=\"has-black-color has-text-color\">La majeure <strong><mark style=\"background-color:rgba(0, 0, 0, 0)\" class=\"has-inline-color has-black-color\">Strat\u00e9gie, Intelligence \u00e9conomique et Gestion des Risque<\/mark><\/strong>s aborde les grands enjeux de d\u00e9fense et de s\u00e9curit\u00e9 internationale, y compris dans les domaines du renseignement et de l\u2019intelligence \u00e9conomique. Les \u00e9tudiantes et les \u00e9tudiants acqui\u00e8rent les comp\u00e9tences n\u00e9cessaires \u00e0 l\u2019analyse et \u00e0 l\u2019aide \u00e0 la d\u00e9cision dans les domaines public et priv\u00e9 en mati\u00e8re de s\u00e9curit\u00e9 internationale.<\/p>\n\n\n\n<p>La formation articule des <strong>enseignements acad\u00e9miques<\/strong> (S1 et S2) avec des <strong>ateliers professionnalisants<\/strong> (S2 et S3), dispens\u00e9s par des enseignantes-chercheuses et des enseignants-chercheurs en science politique, \u00e9conomie, droit, histoire et \u00e9conomie, et des praticiennes et praticiens (responsables administratifs, officiers, industriels, experts europ\u00e9ens). Cette articulation permet de d\u00e9velopper un regard critique et prospectif sur des probl\u00e9matiques transversales et sur des sujets strat\u00e9giques \u00e9mergents \u00e0 des \u00e9chelles d\u2019analyse r\u00e9gionale, transatlantique et globale.<\/p>\n\n\n\n<hr class=\"wp-block-separator has-text-color has-background is-style-wide\" style=\"background-color:#e6e6e6;color:#e6e6e6\"\/>\n\n\n\n<h2 class=\"wp-block-heading\" id=\"principaux-debouches\">Principaux d\u00e9bouch\u00e9s<\/h2>\n\n\n\n<p>Les d\u00e9bouch\u00e9s professionnels se trouvent principalement dans les <strong>secteurs de la d\u00e9fense<\/strong>, de la <strong>s\u00e9curit\u00e9 <\/strong>et de <strong>l\u2019intelligence \u00e9conomique<\/strong>, notamment autour de probl\u00e9matiques \u00e9mergentes (cyber-d\u00e9fense, renseignement et gestion des risques) au sein d\u2019organisations telles que :<\/p>\n\n\n\n<ul class=\"wp-block-list\"><li>Minist\u00e8re des Arm\u00e9es (analystes civils de la d\u00e9fense) et autres minist\u00e8res r\u00e9galiens (Int\u00e9rieur, Affaires \u00e9trang\u00e8res et coop\u00e9ration, Economie)<\/li><li>Agences gouvernementales (SGDSN, ANSSI, DGRIS)<\/li><li>ONG nationales et internationales<\/li><li>Organisations internationales (ONU, OSCE) et agences europ\u00e9ennes<\/li><li>Parlements nationaux et europ\u00e9ens (assistants, assistantes et analystes)<\/li><li>Collectivit\u00e9s territoriales (intelligence \u00e9conomique)<\/li><li><em>Think tanks<\/em>, centres de recherche et d&rsquo;information (analystes et consultants, consultantes d\u00e9fense-s\u00e9curit\u00e9)<\/li><li>Entreprises industrielles et commerciales (charg\u00e9s et charg\u00e9es de missions en affaires publiques) dans les domaines de la d\u00e9fense, de l&rsquo;armement, de l&rsquo;\u00e9nergie et des transports, entreprises du conseil et d&rsquo;analyse des risques (consultants et consultantes en due diligence)<\/li><\/ul>\n\n\n\n<hr class=\"wp-block-separator has-text-color has-background is-style-wide\" style=\"background-color:#e6e6e6;color:#e6e6e6\"\/>\n\n\n\n<h2 class=\"wp-block-heading\" id=\"responsables-de-la-majeure-sigr\">Responsables de la majeure SIGR<\/h2>\n\n\n\n<div class=\"wp-block-media-text alignwide is-stacked-on-mobile\" style=\"grid-template-columns:31% auto\"><figure class=\"wp-block-media-text__media\"><img fetchpriority=\"high\" decoding=\"async\" width=\"1024\" height=\"1024\" src=\"http:\/\/sigr.sciencespo-lille.eu\/wp-content\/uploads\/2020\/12\/SIGR-MAKKI-1024x1024.png\" alt=\"\" class=\"wp-image-228 size-full\" srcset=\"https:\/\/sigr.sciencespo-lille.eu\/wp-content\/uploads\/2020\/12\/SIGR-MAKKI-1024x1024.png 1024w, https:\/\/sigr.sciencespo-lille.eu\/wp-content\/uploads\/2020\/12\/SIGR-MAKKI-300x300.png 300w, https:\/\/sigr.sciencespo-lille.eu\/wp-content\/uploads\/2020\/12\/SIGR-MAKKI-150x150.png 150w, https:\/\/sigr.sciencespo-lille.eu\/wp-content\/uploads\/2020\/12\/SIGR-MAKKI-768x768.png 768w, https:\/\/sigr.sciencespo-lille.eu\/wp-content\/uploads\/2020\/12\/SIGR-MAKKI.png 1181w\" sizes=\"(max-width: 1024px) 100vw, 1024px\" \/><\/figure><div class=\"wp-block-media-text__content\">\n<p class=\"has-large-font-size\"><strong>Sami Makki<\/strong><\/p>\n\n\n\n<p><strong>Ma\u00eetre de conf\u00e9rences en science politique<\/strong><\/p>\n\n\n\n<p>Domaines de recherche : politiques \u00e9trang\u00e8res, de d\u00e9fense et de s\u00e9curit\u00e9 ; organisations internationales et gestion des crises ; relations civilo-militaires ; nouveaux acteurs de la s\u00e9curit\u00e9 internationale ; questions strat\u00e9giques am\u00e9ricaines et transatlantiques<\/p>\n<\/div><\/div>\n\n\n\n<div class=\"wp-block-media-text alignwide has-media-on-the-right is-stacked-on-mobile\" style=\"grid-template-columns:auto 31%\"><figure class=\"wp-block-media-text__media\"><img decoding=\"async\" width=\"768\" height=\"741\" src=\"http:\/\/sigr.sciencespo-lille.eu\/wp-content\/uploads\/2020\/12\/SIGR-SANGAR.png\" alt=\"\" class=\"wp-image-229 size-full\" srcset=\"https:\/\/sigr.sciencespo-lille.eu\/wp-content\/uploads\/2020\/12\/SIGR-SANGAR.png 768w, https:\/\/sigr.sciencespo-lille.eu\/wp-content\/uploads\/2020\/12\/SIGR-SANGAR-300x289.png 300w\" sizes=\"(max-width: 768px) 100vw, 768px\" \/><\/figure><div class=\"wp-block-media-text__content\">\n<p class=\"has-text-align-right has-large-font-size\"><strong>\u00c9ric Sangar<\/strong><\/p>\n\n\n\n<p class=\"has-text-align-right\"><strong>Ma\u00eetre de conf\u00e9rences en science politique<\/strong><\/p>\n\n\n\n<p class=\"has-text-align-right\">Domaines de recherche : discours de conflit ; m\u00e9moires collectives ; cultures militaires ; relations franco-allemandes<\/p>\n<\/div><\/div>\n\n\n\n<div style=\"height:30px\" aria-hidden=\"true\" class=\"wp-block-spacer\"><\/div>\n\n\n\n<h2 class=\"wp-block-heading\" id=\"edito-des-responsables-de-la-majeure-sigr\">\u00c9dito des responsables de la majeure SIGR<\/h2>\n\n\n\n<p class=\"has-drop-cap\">Conflits arm\u00e9s, cyberattaques, menaces hybrides, criminalit\u00e9 transnationale\u2026 Ce ne sont que quelques mots-cl\u00e9s associ\u00e9s au th\u00e8me de la s\u00e9curit\u00e9 internationale dans les m\u00e9dias. Vivons-nous dans une \u00e8re durant laquelle les menaces et les risques se multiplient&nbsp;? Ou cette perception est-elle un effet indirect de l\u2019adoption croissante d\u2019outils de prospective et de syst\u00e8mes d\u2019anticipation par les acteurs publics et priv\u00e9s&nbsp;?<\/p>\n\n\n\n<p>Pour r\u00e9pondre \u00e0 cette question, il est non seulement plus que jamais n\u00e9cessaire d\u2019\u00e9tudier les savoirs pluridisciplinaires disponibles, au-del\u00e0 des fronti\u00e8res \u00e9tablies dans les diff\u00e9rentes disciplines des sciences sociales. Il faut aussi comprendre les mani\u00e8res dont les acteurs priv\u00e9s et publics per\u00e7oivent, analysent et agissent dans des situations dites de crise et d\u2019urgence (par des exercices de mise en situation avec de contraintes de temps, du traitement d\u2019information et de la collaboration entre \u00e9quipes et institutions). Dans cette optique, un <strong>dialogue entre deux formes de savoir <\/strong>souvent per\u00e7ues comme peu compatibles s\u2019impose&nbsp;: d\u2019une part, la <strong>recherche universitaire en sciences sociales<\/strong>, permettant de d\u00e9velopper un indispensable recul analytique et un d\u00e9passement de ces perspectives analytiques pour r\u00e9pondre \u00e0 la pression m\u00e9diatique grandissante autour de l\u2019actualit\u00e9&nbsp;; et d\u2019autre part, les <strong>processus de prises de d\u00e9cisions publiques et priv\u00e9es<\/strong> dont les priorit\u00e9s et les contraintes demeurent souvent mal connues.<\/p>\n\n\n\n<p>Dans un contexte national, europ\u00e9en et international caract\u00e9ris\u00e9 par une polarisation politique et sociale grandissante, la majeure SIGR entend transmettre des <strong>comp\u00e9tences professionnalisantes essentielles<\/strong>, par un <strong>dialogue constructif avec les praticiennes et les praticiens<\/strong>. Surtout, elle vise \u00e0 <strong>construire des ponts de compr\u00e9hension entre les mondes acad\u00e9miques \u00e0 l\u2019ind\u00e9pendance affirm\u00e9e, celui de l\u2019anticipation et de la pr\u00e9vention, et ceux de la prise de d\u00e9cision \u00e9conomique, politique, militaire et humanitaire<\/strong>. C\u2019est uniquement de cette mani\u00e8re que les d\u00e9fis de la s\u00e9curit\u00e9 internationale du 21<sup>e<\/sup> si\u00e8cle, per\u00e7us ou r\u00e9els, pourront \u00eatre abord\u00e9s de mani\u00e8re lucide.<\/p>\n\n\n\n<p class=\"has-text-align-right\"><strong>Sami Makki et <strong>\u00c9<\/strong>ric Sangar<\/strong><\/p>\n","protected":false},"excerpt":{"rendered":"<p>Bienvenue sur le site de la&nbsp;majeure Strat\u00e9gie, Intelligence \u00e9conomique et Gestion des Risques (SIGR)&nbsp;de Sciences Po Lille. Objectif de la formation La majeure Strat\u00e9gie, Intelligence \u00e9conomique et Gestion des Risques aborde les grands enjeux de d\u00e9fense et de s\u00e9curit\u00e9 internationale, y compris dans les domaines du renseignement et de l\u2019intelligence \u00e9conomique. Les \u00e9tudiantes et les [&hellip;]<\/p>\n","protected":false},"author":1,"featured_media":0,"parent":0,"menu_order":0,"comment_status":"closed","ping_status":"closed","template":"","meta":{"_seopress_robots_primary_cat":"","_seopress_titles_title":"","_seopress_titles_desc":"","_seopress_robots_index":"","ocean_post_layout":"","ocean_both_sidebars_style":"","ocean_both_sidebars_content_width":0,"ocean_both_sidebars_sidebars_width":0,"ocean_sidebar":"0","ocean_second_sidebar":"0","ocean_disable_margins":"enable","ocean_add_body_class":"","ocean_shortcode_before_top_bar":"","ocean_shortcode_after_top_bar":"","ocean_shortcode_before_header":"","ocean_shortcode_after_header":"","ocean_has_shortcode":"","ocean_shortcode_after_title":"","ocean_shortcode_before_footer_widgets":"","ocean_shortcode_after_footer_widgets":"","ocean_shortcode_before_footer_bottom":"","ocean_shortcode_after_footer_bottom":"","ocean_display_top_bar":"default","ocean_display_header":"default","ocean_header_style":"","ocean_center_header_left_menu":"0","ocean_custom_header_template":"0","ocean_custom_logo":0,"ocean_custom_retina_logo":0,"ocean_custom_logo_max_width":0,"ocean_custom_logo_tablet_max_width":0,"ocean_custom_logo_mobile_max_width":0,"ocean_custom_logo_max_height":0,"ocean_custom_logo_tablet_max_height":0,"ocean_custom_logo_mobile_max_height":0,"ocean_header_custom_menu":"0","ocean_menu_typo_font_family":"0","ocean_menu_typo_font_subset":"","ocean_menu_typo_font_size":0,"ocean_menu_typo_font_size_tablet":0,"ocean_menu_typo_font_size_mobile":0,"ocean_menu_typo_font_size_unit":"px","ocean_menu_typo_font_weight":"","ocean_menu_typo_font_weight_tablet":"","ocean_menu_typo_font_weight_mobile":"","ocean_menu_typo_transform":"","ocean_menu_typo_transform_tablet":"","ocean_menu_typo_transform_mobile":"","ocean_menu_typo_line_height":0,"ocean_menu_typo_line_height_tablet":0,"ocean_menu_typo_line_height_mobile":0,"ocean_menu_typo_line_height_unit":"","ocean_menu_typo_spacing":0,"ocean_menu_typo_spacing_tablet":0,"ocean_menu_typo_spacing_mobile":0,"ocean_menu_typo_spacing_unit":"","ocean_menu_link_color":"","ocean_menu_link_color_hover":"","ocean_menu_link_color_active":"","ocean_menu_link_background":"","ocean_menu_link_hover_background":"","ocean_menu_link_active_background":"","ocean_menu_social_links_bg":"","ocean_menu_social_hover_links_bg":"","ocean_menu_social_links_color":"","ocean_menu_social_hover_links_color":"","ocean_disable_title":"default","ocean_disable_heading":"default","ocean_post_title":"","ocean_post_subheading":"","ocean_post_title_style":"","ocean_post_title_background_color":"","ocean_post_title_background":0,"ocean_post_title_bg_image_position":"","ocean_post_title_bg_image_attachment":"","ocean_post_title_bg_image_repeat":"","ocean_post_title_bg_image_size":"","ocean_post_title_height":0,"ocean_post_title_bg_overlay":0.5,"ocean_post_title_bg_overlay_color":"","ocean_disable_breadcrumbs":"default","ocean_breadcrumbs_color":"","ocean_breadcrumbs_separator_color":"","ocean_breadcrumbs_links_color":"","ocean_breadcrumbs_links_hover_color":"","ocean_display_footer_widgets":"default","ocean_display_footer_bottom":"default","ocean_custom_footer_template":"0","footnotes":""},"class_list":["post-17","page","type-page","status-publish","hentry","entry"],"_links":{"self":[{"href":"https:\/\/sigr.sciencespo-lille.eu\/index.php\/wp-json\/wp\/v2\/pages\/17","targetHints":{"allow":["GET"]}}],"collection":[{"href":"https:\/\/sigr.sciencespo-lille.eu\/index.php\/wp-json\/wp\/v2\/pages"}],"about":[{"href":"https:\/\/sigr.sciencespo-lille.eu\/index.php\/wp-json\/wp\/v2\/types\/page"}],"author":[{"embeddable":true,"href":"https:\/\/sigr.sciencespo-lille.eu\/index.php\/wp-json\/wp\/v2\/users\/1"}],"replies":[{"embeddable":true,"href":"https:\/\/sigr.sciencespo-lille.eu\/index.php\/wp-json\/wp\/v2\/comments?post=17"}],"version-history":[{"count":24,"href":"https:\/\/sigr.sciencespo-lille.eu\/index.php\/wp-json\/wp\/v2\/pages\/17\/revisions"}],"predecessor-version":[{"id":525,"href":"https:\/\/sigr.sciencespo-lille.eu\/index.php\/wp-json\/wp\/v2\/pages\/17\/revisions\/525"}],"wp:attachment":[{"href":"https:\/\/sigr.sciencespo-lille.eu\/index.php\/wp-json\/wp\/v2\/media?parent=17"}],"curies":[{"name":"wp","href":"https:\/\/api.w.org\/{rel}","templated":true}]}}